{"id":2,"date":"2022-07-23T15:44:34","date_gmt":"2022-07-23T15:44:34","guid":{"rendered":"https:\/\/jasminemurga.com\/?page_id=2"},"modified":"2025-01-09T09:36:41","modified_gmt":"2025-01-09T09:36:41","slug":"sample-page","status":"publish","type":"page","link":"https:\/\/jasminemurga.com\/?page_id=2","title":{"rendered":"Sobre M\u00ed"},"content":{"rendered":"\t\t<div data-elementor-type=\"wp-page\" data-elementor-id=\"2\" class=\"elementor elementor-2\">\n\t\t\t\t\t\t<section class=\"elementor-section elementor-top-section elementor-element elementor-element-05b595e elementor-section-boxed elementor-section-height-default elementor-section-height-default\" data-id=\"05b595e\" data-element_type=\"section\" data-e-type=\"section\">\n\t\t\t\t\t\t<div class=\"elementor-container elementor-column-gap-default\">\n\t\t\t\t\t<div class=\"elementor-column elementor-col-100 elementor-top-column elementor-element elementor-element-f7e3fae\" data-id=\"f7e3fae\" data-element_type=\"column\" data-e-type=\"column\">\n\t\t\t<div class=\"elementor-widget-wrap elementor-element-populated\">\n\t\t\t\t\t\t<div class=\"elementor-element elementor-element-c1f244c elementor-widget elementor-widget-heading\" data-id=\"c1f244c\" data-element_type=\"widget\" data-e-type=\"widget\" data-widget_type=\"heading.default\">\n\t\t\t\t<div class=\"elementor-widget-container\">\n\t\t\t\t\t<h2 class=\"elementor-heading-title elementor-size-default\">Lo que me Gusta de mi Trabajo<\/h2>\t\t\t\t<\/div>\n\t\t\t\t<\/div>\n\t\t\t\t\t<\/div>\n\t\t<\/div>\n\t\t\t\t\t<\/div>\n\t\t<\/section>\n\t\t\t\t<section class=\"elementor-section elementor-top-section elementor-element elementor-element-278a298 elementor-section-boxed elementor-section-height-default elementor-section-height-default\" data-id=\"278a298\" data-element_type=\"section\" data-e-type=\"section\">\n\t\t\t\t\t\t<div class=\"elementor-container elementor-column-gap-default\">\n\t\t\t\t\t<div class=\"elementor-column elementor-col-100 elementor-top-column elementor-element elementor-element-e6d15fc\" data-id=\"e6d15fc\" data-element_type=\"column\" data-e-type=\"column\">\n\t\t\t<div class=\"elementor-widget-wrap elementor-element-populated\">\n\t\t\t\t\t\t<div class=\"elementor-element elementor-element-082de7d elementor-widget elementor-widget-text-editor\" data-id=\"082de7d\" data-element_type=\"widget\" data-e-type=\"widget\" data-widget_type=\"text-editor.default\">\n\t\t\t\t<div class=\"elementor-widget-container\">\n\t\t\t\t\t\t\t\t\t<p>Siempre he sido una apasionada de todo lo que ata\u00f1e a la psicolog\u00eda. A trav\u00e9s de mi profesi\u00f3n, tengo el privilegio de ser testigo de lo que nos hace profundamente humanxs y tan maravillosamente complejxs, y de acompa\u00f1ar a personas en momentos decisivos de sus vidas. Mis pacientes me inspiran y me hacen cuestionar y reajustar mis propias creencias de forma peri\u00f3dica. Son mi motor para seguir form\u00e1ndome y tambi\u00e9n la prueba de la extraordinaria resiliencia y creatividad de la que el ser humano es capaz.<\/p>\n<p><\/p>\t\t\t\t\t\t\t\t<\/div>\n\t\t\t\t<\/div>\n\t\t\t\t\t<\/div>\n\t\t<\/div>\n\t\t\t\t\t<\/div>\n\t\t<\/section>\n\t\t\t\t<section class=\"elementor-section elementor-top-section elementor-element elementor-element-fdb6afa elementor-section-boxed elementor-section-height-default elementor-section-height-default\" data-id=\"fdb6afa\" data-element_type=\"section\" data-e-type=\"section\">\n\t\t\t\t\t\t<div class=\"elementor-container elementor-column-gap-default\">\n\t\t\t\t\t<div class=\"elementor-column elementor-col-100 elementor-top-column elementor-element elementor-element-b870239\" data-id=\"b870239\" data-element_type=\"column\" data-e-type=\"column\">\n\t\t\t<div class=\"elementor-widget-wrap elementor-element-populated\">\n\t\t\t\t\t\t<div class=\"elementor-element elementor-element-312ece7 elementor-widget elementor-widget-heading\" data-id=\"312ece7\" data-element_type=\"widget\" data-e-type=\"widget\" data-widget_type=\"heading.default\">\n\t\t\t\t<div class=\"elementor-widget-container\">\n\t\t\t\t\t<h2 class=\"elementor-heading-title elementor-size-default\">Mi Trayectoria<\/h2>\t\t\t\t<\/div>\n\t\t\t\t<\/div>\n\t\t\t\t\t<\/div>\n\t\t<\/div>\n\t\t\t\t\t<\/div>\n\t\t<\/section>\n\t\t\t\t<section class=\"elementor-section elementor-top-section elementor-element elementor-element-40593f3 elementor-section-boxed elementor-section-height-default elementor-section-height-default\" data-id=\"40593f3\" data-element_type=\"section\" data-e-type=\"section\">\n\t\t\t\t\t\t<div class=\"elementor-container elementor-column-gap-default\">\n\t\t\t\t\t<div class=\"elementor-column elementor-col-100 elementor-top-column elementor-element elementor-element-a16cedc\" data-id=\"a16cedc\" data-element_type=\"column\" data-e-type=\"column\">\n\t\t\t<div class=\"elementor-widget-wrap elementor-element-populated\">\n\t\t\t\t\t\t<div class=\"elementor-element elementor-element-2a5c8e5 elementor-widget elementor-widget-text-editor\" data-id=\"2a5c8e5\" data-element_type=\"widget\" data-e-type=\"widget\" data-widget_type=\"text-editor.default\">\n\t\t\t\t<div class=\"elementor-widget-container\">\n\t\t\t\t\t\t\t\t\t<p>Mi nombre es Jasmine (pronombres ella y la), soy psic\u00f3loga cl\u00ednica sanitaria y psicoterapeuta, y mi n\u00famero de colegiada es M-28195. Tambi\u00e9n soy mam\u00e1. De origen mexicano-iran\u00ed, nac\u00ed y crec\u00ed en Neuch\u00e2tel, una ciudad situada en la regi\u00f3n franc\u00f3fona de Suiza, antes de mudarme a Espa\u00f1a en el 2004.<\/p>\t\t\t\t\t\t\t\t<\/div>\n\t\t\t\t<\/div>\n\t\t\t\t\t<\/div>\n\t\t<\/div>\n\t\t\t\t\t<\/div>\n\t\t<\/section>\n\t\t\t\t<section class=\"elementor-section elementor-top-section elementor-element elementor-element-984cd42 elementor-section-boxed elementor-section-height-default elementor-section-height-default\" data-id=\"984cd42\" data-element_type=\"section\" data-e-type=\"section\">\n\t\t\t\t\t\t<div class=\"elementor-container elementor-column-gap-default\">\n\t\t\t\t\t<div class=\"elementor-column elementor-col-50 elementor-top-column elementor-element elementor-element-7a83b9b\" data-id=\"7a83b9b\" data-element_type=\"column\" data-e-type=\"column\">\n\t\t\t<div class=\"elementor-widget-wrap elementor-element-populated\">\n\t\t\t\t\t\t<div class=\"elementor-element elementor-element-3d35c10 elementor-widget elementor-widget-text-editor\" data-id=\"3d35c10\" data-element_type=\"widget\" data-e-type=\"widget\" data-widget_type=\"text-editor.default\">\n\t\t\t\t<div class=\"elementor-widget-container\">\n\t\t\t\t\t\t\t\t\t<p>En el 2011 obtuve mi licenciatura en Psicolog\u00eda Cl\u00ednica por la Universidad Complutense de Madrid y luego me form\u00e9 durante dos a\u00f1os como experta en Intervenciones Sist\u00e9micas con parejas y familias a trav\u00e9s del Instituto ITAD Sist\u00e9mica de Madrid. Tambi\u00e9n me certifiqu\u00e9 como psic\u00f3loga especializada en Terapia Transcultural\/Multicultural. Durante esos nueve a\u00f1os, en paralelo a mis estudios, trabaj\u00e9 como profesora de franc\u00e9s para varias empresas aqu\u00ed en Madrid.<\/p>\n<p>En el 2013 se me present\u00f3 la oportunidad de hacer unas pr\u00e1cticas en el Mental Research Institute de Palo Alto, California, Estados Unidos, lugar donde emergieron gran parte de las ideas pioneras dentro del \u00e1mbito de la Terapia Sist\u00e9mica. Por esa \u00e9poca fue cuando empec\u00e9 a ofrecer sesiones de consulta psicol\u00f3gica por videollamada a personas ubicadas en diferentes partes del mundo.&nbsp;<span style=\"font-family: Montserrat, sans-serif; font-size: 14px; font-style: normal; letter-spacing: 0px;\">Termin\u00e9 qued\u00e1ndome casi tres a\u00f1os m\u00e1s en la Bay Area, a\u00f1os durante los cuales tambi\u00e9n complet\u00e9 un m\u00e1ster en Psicolog\u00eda Som\u00e1tica (orientada a la integraci\u00f3n del cuerpo y aspectos no verbales en terapia) en el California Institute of Integral Studies de San Francisco.<br><\/span><\/p>\t\t\t\t\t\t\t\t<\/div>\n\t\t\t\t<\/div>\n\t\t\t\t\t<\/div>\n\t\t<\/div>\n\t\t\t\t<div class=\"elementor-column elementor-col-50 elementor-top-column elementor-element elementor-element-8194526\" data-id=\"8194526\" data-element_type=\"column\" data-e-type=\"column\">\n\t\t\t<div class=\"elementor-widget-wrap elementor-element-populated\">\n\t\t\t\t\t\t<div class=\"elementor-element elementor-element-ed0443b elementor-widget__width-initial elementor-widget elementor-widget-image\" data-id=\"ed0443b\" data-element_type=\"widget\" data-e-type=\"widget\" data-widget_type=\"image.default\">\n\t\t\t\t<div class=\"elementor-widget-container\">\n\t\t\t\t\t\t\t\t\t\t\t\t\t\t\t<img fetchpriority=\"high\" decoding=\"async\" width=\"768\" height=\"1024\" src=\"https:\/\/jasminemurga.com\/wp-content\/uploads\/2024\/08\/IMG_6209-768x1024.jpg\" class=\"attachment-large size-large wp-image-3737\" alt=\"\" srcset=\"https:\/\/jasminemurga.com\/wp-content\/uploads\/2024\/08\/IMG_6209-768x1024.jpg 768w, https:\/\/jasminemurga.com\/wp-content\/uploads\/2024\/08\/IMG_6209-225x300.jpg 225w, https:\/\/jasminemurga.com\/wp-content\/uploads\/2024\/08\/IMG_6209-1152x1536.jpg 1152w, https:\/\/jasminemurga.com\/wp-content\/uploads\/2024\/08\/IMG_6209-1536x2048.jpg 1536w, https:\/\/jasminemurga.com\/wp-content\/uploads\/2024\/08\/IMG_6209-scaled.jpg 1920w\" sizes=\"(max-width: 768px) 100vw, 768px\" \/>\t\t\t\t\t\t\t\t\t\t\t\t\t\t\t<\/div>\n\t\t\t\t<\/div>\n\t\t\t\t\t<\/div>\n\t\t<\/div>\n\t\t\t\t\t<\/div>\n\t\t<\/section>\n\t\t\t\t<section class=\"elementor-section elementor-top-section elementor-element elementor-element-3cbe723 elementor-section-boxed elementor-section-height-default elementor-section-height-default\" data-id=\"3cbe723\" data-element_type=\"section\" data-e-type=\"section\">\n\t\t\t\t\t\t<div class=\"elementor-container elementor-column-gap-default\">\n\t\t\t\t\t<div class=\"elementor-column elementor-col-100 elementor-top-column elementor-element elementor-element-2b37bdd\" data-id=\"2b37bdd\" data-element_type=\"column\" data-e-type=\"column\">\n\t\t\t<div class=\"elementor-widget-wrap elementor-element-populated\">\n\t\t\t\t\t\t<div class=\"elementor-element elementor-element-276d26b elementor-widget elementor-widget-text-editor\" data-id=\"276d26b\" data-element_type=\"widget\" data-e-type=\"widget\" data-widget_type=\"text-editor.default\">\n\t\t\t\t<div class=\"elementor-widget-container\">\n\t\t\t\t\t\t\t\t\t<p>Hice mis horas como residente en el Center for Somatic Psychotherapy de San Francisco, proporcionando servicios psicoterap\u00e9uticos, principalmente desde una perspectiva psico-fisiol\u00f3gica, a una poblaci\u00f3n diversa. Por otra parte, trabaj\u00e9 para el Legal Services for Children, en San Francisco tambi\u00e9n, con menores inmigrantes que reci\u00e9n hab\u00edan cruzado la frontera, usando un enfoque informado por las teor\u00edas m\u00e1s actuales sobre el tratamiento de trastornos postraum\u00e1ticos y traumas complejos.<\/p>\n<p>En el 2017 me mud\u00e9 a la costa Este, a Washington D.C., donde trabaj\u00e9 como psicoterapeuta para adultos y parejas en un centro afirmativo LGBT+ (Capital Center for Psychotherapy and Wellness) que estaba formado por un equipo multidisciplinario. Durante la pandemia global, ofrec\u00ed servicios de mentoring a distancia a estudiantes de doctorado del departamento de Ciencias del Comportamiento de IMFAHE, una fundaci\u00f3n dedicada a promover el desarrollo profesional e internacional de talento espa\u00f1ol. Actualmente ofrezco mis servicios aqu\u00ed, en Marbella, despu\u00e9s de casi dos a\u00f1os en Madrid y diez a\u00f1os viviendo en Estados Unidos.<span style=\"font-family: Philosopher, sans-serif; font-size: 14px; font-style: normal; color: var( --e-global-color-text ); letter-spacing: 0px;\"><br><\/span><\/p>\t\t\t\t\t\t\t\t<\/div>\n\t\t\t\t<\/div>\n\t\t\t\t\t<\/div>\n\t\t<\/div>\n\t\t\t\t\t<\/div>\n\t\t<\/section>\n\t\t\t\t<section class=\"elementor-section elementor-top-section elementor-element elementor-element-de25396 elementor-section-boxed elementor-section-height-default elementor-section-height-default\" data-id=\"de25396\" data-element_type=\"section\" data-e-type=\"section\">\n\t\t\t\t\t\t<div class=\"elementor-container elementor-column-gap-default\">\n\t\t\t\t\t<div class=\"elementor-column elementor-col-100 elementor-top-column elementor-element elementor-element-730d90e\" data-id=\"730d90e\" data-element_type=\"column\" data-e-type=\"column\">\n\t\t\t<div class=\"elementor-widget-wrap elementor-element-populated\">\n\t\t\t\t\t\t<div class=\"elementor-element elementor-element-817f425 elementor-widget elementor-widget-heading\" data-id=\"817f425\" data-element_type=\"widget\" data-e-type=\"widget\" data-widget_type=\"heading.default\">\n\t\t\t\t<div class=\"elementor-widget-container\">\n\t\t\t\t\t<h2 class=\"elementor-heading-title elementor-size-default\">T\u00edtulos y Certificados<\/h2>\t\t\t\t<\/div>\n\t\t\t\t<\/div>\n\t\t\t\t\t<\/div>\n\t\t<\/div>\n\t\t\t\t\t<\/div>\n\t\t<\/section>\n\t\t\t\t<section class=\"elementor-section elementor-top-section elementor-element elementor-element-9ab4cef elementor-section-boxed elementor-section-height-default elementor-section-height-default\" data-id=\"9ab4cef\" data-element_type=\"section\" data-e-type=\"section\">\n\t\t\t\t\t\t<div class=\"elementor-container elementor-column-gap-default\">\n\t\t\t\t\t<div class=\"elementor-column elementor-col-100 elementor-top-column elementor-element elementor-element-a2a97b1\" data-id=\"a2a97b1\" data-element_type=\"column\" data-e-type=\"column\">\n\t\t\t<div class=\"elementor-widget-wrap elementor-element-populated\">\n\t\t\t\t\t\t<div class=\"elementor-element elementor-element-a3a7d44 elementor-widget elementor-widget-text-editor\" data-id=\"a3a7d44\" data-element_type=\"widget\" data-e-type=\"widget\" data-widget_type=\"text-editor.default\">\n\t\t\t\t<div class=\"elementor-widget-container\">\n\t\t\t\t\t\t\t\t\t<ul>\n<li><b>Washington D.C. Psychotherapy Network Symposium<\/b> \u2013 The Many Paths to Transformation con Esther Perel, Kenneth V. Hardy, Richard Schwartz, Terrence Real, Ron Taffel, Jack Kornfield, y Harriet Lerner. Conferencias: Therapy and the Promise of Transformation; The Crisis in Masculinity; Healing Parent-Child Cutoffs; The Therapist as Healer; What Really Heals and Awakens; Healing Betrayals Large and Small. (10 horas)<\/li>\n<li><b>Master of Arts in Counseling Psychology<\/b>, con un enfoque en <b>Psicolog\u00eda Som\u00e1tica<\/b> de la Universidad <b>California Institute of Integral Studies<\/b> (San Francisco, California, EEUU). CIIS es una universidad acreditada y vanguardista que expande los l\u00edmites de los programas de grado tradicionales por su interes particular en: la transdisciplinaridad; la justicia social; la incoporaci\u00f3n de valores, conocimientos, y m\u00e9todos tanto occidentales como orientales o procedentes de otras culturas; as\u00ed como la importancia del desarrollo personal de los propios terapeutas.<\/li>\n<li>Formaci\u00f3n de seis meses en el <b>Mental Research Institute (MRI)<\/b> de Palo Alto, California, EEUU). El MRI es una instituci\u00f3n emblem\u00e1tica por ser el lugar donde se originaron las primeras teor\u00edas de Terapia Familiar Sist\u00e9mica y de Terapia Breve. (344 horas en total)<\/li>\n<li>Curso de tres meses con Kelly McGonigal : The Science of Willpower (basado en Mindfulness) en la <b>Universidad de Stanford<\/b>, Palo Alto, California.<\/li>\n<li>Una semana de talleres intensivos en el <b>MRI<\/b> de Palo Alto sobre: &#8220;Mindfulness-Based Experiential Couples Therapy&#8221; con Rob Fisher, &#8220;Comprehensive Strategic Family Therapy&#8221; con Wendel Ray, e &#8220;Hypnosis in Time-Limited Therapy: Fundamentals of the Ericksonian Approach&#8221; con Jeff Zeig.<\/li>\n<li>T\u00edtulo de <b>Experta en Intervenciones Sist\u00e9micas con Parejas y Familias por el Instituto ITAD<\/b> de Terapia Familiar Sist\u00e9mica, Alcoholismo, y otras Dependencias en Madrid. (400 horas)<\/li>\n<li>Certificado de <b>Experta en Psicoterapia Transcultural y Salud<\/b> <b>por la Asociaci\u00f3n de Terapias Sin Fronteras<\/b> en Madrid. Formada en intervenciones psicosociales con poblaci\u00f3n migrante.&nbsp; (160 horas)<\/li>\n<li><b>Licenciatura en Psicolog\u00eda Cl\u00ednica por la Universidad Complutense de Madrid.<\/b><\/li>\n<li>Diploma de asistencia al ciclo de <b>conferencias sobre Creatividad y Neurociencia Cognitiva<\/b>. Secci\u00f3n de Neurociencia Cognitiva del Centro Mixto UCM-ISCIII de Evoluci\u00f3n y Comportamientos Humanos y el Instituto Tomas Pacual Sanz para la Nutrici\u00f3n y la Salud. (16 horas)<\/li>\n<\/ul>\t\t\t\t\t\t\t\t<\/div>\n\t\t\t\t<\/div>\n\t\t\t\t\t<\/div>\n\t\t<\/div>\n\t\t\t\t\t<\/div>\n\t\t<\/section>\n\t\t\t\t<section class=\"elementor-section elementor-top-section elementor-element elementor-element-cfdac40 elementor-section-boxed elementor-section-height-default elementor-section-height-default\" data-id=\"cfdac40\" data-element_type=\"section\" data-e-type=\"section\">\n\t\t\t\t\t\t<div class=\"elementor-container elementor-column-gap-default\">\n\t\t\t\t\t<div class=\"elementor-column elementor-col-100 elementor-top-column elementor-element elementor-element-ec4e617\" data-id=\"ec4e617\" data-element_type=\"column\" data-e-type=\"column\">\n\t\t\t<div class=\"elementor-widget-wrap\">\n\t\t\t\t\t\t\t<\/div>\n\t\t<\/div>\n\t\t\t\t\t<\/div>\n\t\t<\/section>\n\t\t\t\t<section class=\"elementor-section elementor-top-section elementor-element elementor-element-5928a2c elementor-section-boxed elementor-section-height-default elementor-section-height-default\" data-id=\"5928a2c\" data-element_type=\"section\" data-e-type=\"section\">\n\t\t\t\t\t\t<div class=\"elementor-container elementor-column-gap-default\">\n\t\t\t\t\t<div class=\"elementor-column elementor-col-100 elementor-top-column elementor-element elementor-element-d03f65e\" data-id=\"d03f65e\" data-element_type=\"column\" data-e-type=\"column\">\n\t\t\t<div class=\"elementor-widget-wrap\">\n\t\t\t\t\t\t\t<\/div>\n\t\t<\/div>\n\t\t\t\t\t<\/div>\n\t\t<\/section>\n\t\t\t\t<\/div>\n\t\t","protected":false},"excerpt":{"rendered":"<p>Lo que me Gusta de mi Trabajo Siempre he sido una apasionada de todo lo que ata\u00f1e a la psicolog\u00eda. A trav\u00e9s de mi profesi\u00f3n, tengo el privilegio de ser testigo de lo que nos hace profundamente humanxs y tan maravillosamente complejxs, y de acompa\u00f1ar a personas en momentos decisivos de sus vidas. Mis pacientes <a class=\"read-more\" href=\"https:\/\/jasminemurga.com\/?page_id=2\">READ MORE<\/a><\/p>\n","protected":false},"author":1,"featured_media":0,"parent":0,"menu_order":0,"comment_status":"closed","ping_status":"closed","template":"","meta":{"footnotes":""},"class_list":["post-2","page","type-page","status-publish","hentry"],"_links":{"self":[{"href":"https:\/\/jasminemurga.com\/index.php?rest_route=\/wp\/v2\/pages\/2","targetHints":{"allow":["GET"]}}],"collection":[{"href":"https:\/\/jasminemurga.com\/index.php?rest_route=\/wp\/v2\/pages"}],"about":[{"href":"https:\/\/jasminemurga.com\/index.php?rest_route=\/wp\/v2\/types\/page"}],"author":[{"embeddable":true,"href":"https:\/\/jasminemurga.com\/index.php?rest_route=\/wp\/v2\/users\/1"}],"replies":[{"embeddable":true,"href":"https:\/\/jasminemurga.com\/index.php?rest_route=%2Fwp%2Fv2%2Fcomments&post=2"}],"version-history":[{"count":613,"href":"https:\/\/jasminemurga.com\/index.php?rest_route=\/wp\/v2\/pages\/2\/revisions"}],"predecessor-version":[{"id":3807,"href":"https:\/\/jasminemurga.com\/index.php?rest_route=\/wp\/v2\/pages\/2\/revisions\/3807"}],"wp:attachment":[{"href":"https:\/\/jasminemurga.com\/index.php?rest_route=%2Fwp%2Fv2%2Fmedia&parent=2"}],"curies":[{"name":"wp","href":"https:\/\/api.w.org\/{rel}","templated":true}]}}