{"id":38,"date":"2022-08-05T21:24:48","date_gmt":"2022-08-05T21:24:48","guid":{"rendered":"https:\/\/jasminemurga.com\/?page_id=38"},"modified":"2024-05-13T20:24:11","modified_gmt":"2024-05-13T20:24:11","slug":"tratamientos","status":"publish","type":"page","link":"https:\/\/jasminemurga.com\/?page_id=38","title":{"rendered":"\u00bfQui\u00e9n, Qu\u00e9 y C\u00f3mo?"},"content":{"rendered":"\t\t<div data-elementor-type=\"wp-page\" data-elementor-id=\"38\" class=\"elementor elementor-38\">\n\t\t\t\t\t\t<section class=\"elementor-section elementor-top-section elementor-element elementor-element-b3e8929 elementor-section-boxed elementor-section-height-default elementor-section-height-default\" data-id=\"b3e8929\" data-element_type=\"section\" data-e-type=\"section\">\n\t\t\t\t\t\t<div class=\"elementor-container elementor-column-gap-default\">\n\t\t\t\t\t<div class=\"elementor-column elementor-col-100 elementor-top-column elementor-element elementor-element-799ffb6\" data-id=\"799ffb6\" data-element_type=\"column\" data-e-type=\"column\">\n\t\t\t<div class=\"elementor-widget-wrap elementor-element-populated\">\n\t\t\t\t\t\t<div class=\"elementor-element elementor-element-d746bd7 elementor-widget elementor-widget-heading\" data-id=\"d746bd7\" data-element_type=\"widget\" data-e-type=\"widget\" data-widget_type=\"heading.default\">\n\t\t\t\t<div class=\"elementor-widget-container\">\n\t\t\t\t\t<h2 class=\"elementor-heading-title elementor-size-default\">Con Qui\u00e9n Trabajo<\/h2>\t\t\t\t<\/div>\n\t\t\t\t<\/div>\n\t\t\t\t\t<\/div>\n\t\t<\/div>\n\t\t\t\t\t<\/div>\n\t\t<\/section>\n\t\t\t\t<section class=\"elementor-section elementor-top-section elementor-element elementor-element-58019e4 elementor-section-boxed elementor-section-height-default elementor-section-height-default\" data-id=\"58019e4\" data-element_type=\"section\" data-e-type=\"section\">\n\t\t\t\t\t\t<div class=\"elementor-container elementor-column-gap-default\">\n\t\t\t\t\t<div class=\"elementor-column elementor-col-100 elementor-top-column elementor-element elementor-element-53b5212\" data-id=\"53b5212\" data-element_type=\"column\" data-e-type=\"column\">\n\t\t\t<div class=\"elementor-widget-wrap elementor-element-populated\">\n\t\t\t\t\t\t<div class=\"elementor-element elementor-element-53c927c elementor-widget elementor-widget-text-editor\" data-id=\"53c927c\" data-element_type=\"widget\" data-e-type=\"widget\" data-widget_type=\"text-editor.default\">\n\t\t\t\t<div class=\"elementor-widget-container\">\n\t\t\t\t\t\t\t\t\t<ul><li>Trabajo con adultos, ni\u00f1os, y adolescentes; en formato de terapia individual, de pareja, o de familia.<\/li><li>Trato de ser una profesional de la salud culturalmente competente y afirmativa hacia la comunidad LGBTQIA+.<\/li><li>Las personas con identidad de g\u00e9nero trans\/no binaria son m\u00e1s que bienvenidxs, al igual que las personas neurodivergentes o con trastornos de la personalidad.<\/li><\/ul><p style=\"font-family: Montserrat, 'Helvetica Neue', sans-serif; font-size: 14px; font-style: normal;\">Puedes contactarme sin ning\u00fan compromiso para determinar si tu motivo de consulta o necesidades encajan dentro de mi \u00e1mbito de competencia. Si no es el caso, con gusto te derivar\u00e9 hacia otro profesional o especialista.<\/p>\t\t\t\t\t\t\t\t<\/div>\n\t\t\t\t<\/div>\n\t\t\t\t\t<\/div>\n\t\t<\/div>\n\t\t\t\t\t<\/div>\n\t\t<\/section>\n\t\t\t\t<section class=\"elementor-section elementor-top-section elementor-element elementor-element-1b1c7e0 elementor-section-boxed elementor-section-height-default elementor-section-height-default\" data-id=\"1b1c7e0\" data-element_type=\"section\" data-e-type=\"section\">\n\t\t\t\t\t\t<div class=\"elementor-container elementor-column-gap-default\">\n\t\t\t\t\t<div class=\"elementor-column elementor-col-100 elementor-top-column elementor-element elementor-element-3244d29\" data-id=\"3244d29\" data-element_type=\"column\" data-e-type=\"column\">\n\t\t\t<div class=\"elementor-widget-wrap elementor-element-populated\">\n\t\t\t\t\t\t<div class=\"elementor-element elementor-element-080d084 elementor-widget elementor-widget-heading\" data-id=\"080d084\" data-element_type=\"widget\" data-e-type=\"widget\" data-widget_type=\"heading.default\">\n\t\t\t\t<div class=\"elementor-widget-container\">\n\t\t\t\t\t<h2 class=\"elementor-heading-title elementor-size-default\">\u00c1reas de Tratamiento<\/h2>\t\t\t\t<\/div>\n\t\t\t\t<\/div>\n\t\t\t\t\t<\/div>\n\t\t<\/div>\n\t\t\t\t\t<\/div>\n\t\t<\/section>\n\t\t\t\t<section class=\"elementor-section elementor-top-section elementor-element elementor-element-b4216b2 elementor-section-boxed elementor-section-height-default elementor-section-height-default\" data-id=\"b4216b2\" data-element_type=\"section\" data-e-type=\"section\">\n\t\t\t\t\t\t<div class=\"elementor-container elementor-column-gap-default\">\n\t\t\t\t\t<div class=\"elementor-column elementor-col-50 elementor-top-column elementor-element elementor-element-54a15d0\" data-id=\"54a15d0\" data-element_type=\"column\" data-e-type=\"column\">\n\t\t\t<div class=\"elementor-widget-wrap elementor-element-populated\">\n\t\t\t\t\t\t<div class=\"elementor-element elementor-element-d3640ac elementor-widget elementor-widget-text-editor\" data-id=\"d3640ac\" data-element_type=\"widget\" data-e-type=\"widget\" data-widget_type=\"text-editor.default\">\n\t\t\t\t<div class=\"elementor-widget-container\">\n\t\t\t\t\t\t\t\t\t<p><b>Terapia Individual:<\/b><\/p><ul><li>Estr\u00e9s\/Ansiedad Generalizada\/Ataques de P\u00e1nico\/Ansiedad Social<\/li><li>Falta de Motivaci\u00f3n\/Depresi\u00f3n\/Soledad<\/li><li>Problemas de Organizaci\u00f3n<\/li><li>Duelo\/P\u00e9rdidas<\/li><li>Cambios de Humor\/Dificultades para Regular Emociones<\/li><li>Miedos\/Fobias\/Obsesiones\/Compulsiones<\/li><li>Impulsividad\/Irritabilidad\/Agresividad<\/li><li>Baja Autoestima<\/li><li>Trastorno de Estr\u00e9s Post-Traum\u00e1tico\/Trauma del Desarrollo\/Trauma Complejo<\/li><li>Trastorno de la Personalidad L\u00edmite\/Trastorno Bipolar\/Trastorno Disociativo<\/li><li>Ideas y\/o Intentos Suicidas<\/li><li>Trastorno por D\u00e9ficit de Atenci\u00f3n y\/o Hyperactividad\/Neurodivergencia\/Comunicaci\u00f3n y Habillidades Sociales<\/li><li>&#8220;Dating&#8221;\/Dificultades para Mantener Relaciones<\/li><li>Vivencias de Discriminaci\u00f3n y Opresi\u00f3n<\/li><li>Experiencias de Aculturaci\u00f3n y Desarraigo<\/li><\/ul><div><p><b>Terapia de Pareja:<\/b><\/p><ul><li style=\"list-style-type: none;\"><ul><li>Dificultades en el Manejo de Diferencias y Necesidades Distintas<\/li><li>Problemas de Comunicaci\u00f3n (por su ausencia o su volatilidad)<\/li><li>Distanciamiento Emocional\/Monoton\u00eda<\/li><li>Dificultades para Conectar en la Intimidad F\u00edsica y Emocional<\/li><li>Problemas de Confianza\/Infidelidad\/Traici\u00f3n\/Celos Excesivos\/Mentiras<\/li><li>Crisis de Pareja\/Conversaciones Dif\u00edciles<\/li><li>Separaciones o Divorcios<\/li><li>Terapia Preventiva<\/li><\/ul><\/li><\/ul><\/div>\t\t\t\t\t\t\t\t<\/div>\n\t\t\t\t<\/div>\n\t\t\t\t\t<\/div>\n\t\t<\/div>\n\t\t\t\t<div class=\"elementor-column elementor-col-50 elementor-top-column elementor-element elementor-element-72657f5\" data-id=\"72657f5\" data-element_type=\"column\" data-e-type=\"column\">\n\t\t\t<div class=\"elementor-widget-wrap elementor-element-populated\">\n\t\t\t\t\t\t<div class=\"elementor-element elementor-element-8f5fd69 elementor-widget elementor-widget-text-editor\" data-id=\"8f5fd69\" data-element_type=\"widget\" data-e-type=\"widget\" data-widget_type=\"text-editor.default\">\n\t\t\t\t<div class=\"elementor-widget-container\">\n\t\t\t\t\t\t\t\t\t<p><b>Terapia de Familia:<\/b><\/p><ul><li>Maternidad\/Depresi\u00f3n Post-Parto<\/li><li>Relaci\u00f3n Padres\/Madres e Hijo\/as<\/li><li>Crianza Consciente (&#8220;Mindful Parenting&#8221;)<\/li><li>Agotamiento Parental (&#8220;Burn Out&#8221;)<\/li><li>Hijos con: Conductas Desafiantes\/S\u00edntomas o Pensamientos Preocupantes\/Trastorno por D\u00e9ficit de Atenci\u00f3n y\/o Hiperactividad\/Alta Sensibilidad\/Timidez Excesiva<\/li><li>Problemas de Adaptaci\u00f3n a Cambios Importantes en la Estructura Familiar o en el Entorno<\/li><li>Crisis de Familia\/Sanar de Experiencias de Abuso, Transgresiones, Traiciones, o Violencia<\/li><li>Rupturas, Distanciamiento, o Reconciliaci\u00f3n entre Miembros de Familia<\/li><li>Lidiar con Familias Disfuncionales o con Padres\/Madres con Rasgos Narcisistas<\/li><li>Terapia Intergeneracional\/ Terapia Multicultural<\/li><\/ul>\t\t\t\t\t\t\t\t<\/div>\n\t\t\t\t<\/div>\n\t\t\t\t\t<\/div>\n\t\t<\/div>\n\t\t\t\t\t<\/div>\n\t\t<\/section>\n\t\t\t\t<section class=\"elementor-section elementor-top-section elementor-element elementor-element-9eaac3a elementor-section-boxed elementor-section-height-default elementor-section-height-default\" data-id=\"9eaac3a\" data-element_type=\"section\" data-e-type=\"section\">\n\t\t\t\t\t\t<div class=\"elementor-container elementor-column-gap-default\">\n\t\t\t\t\t<div class=\"elementor-column elementor-col-100 elementor-top-column elementor-element elementor-element-6178711\" data-id=\"6178711\" data-element_type=\"column\" data-e-type=\"column\">\n\t\t\t<div class=\"elementor-widget-wrap elementor-element-populated\">\n\t\t\t\t\t\t<div class=\"elementor-element elementor-element-afca85b elementor-align-center elementor-widget elementor-widget-button\" data-id=\"afca85b\" data-element_type=\"widget\" data-e-type=\"widget\" data-widget_type=\"button.default\">\n\t\t\t\t<div class=\"elementor-widget-container\">\n\t\t\t\t\t\t\t\t\t<div class=\"elementor-button-wrapper\">\n\t\t\t\t\t<a class=\"elementor-button elementor-button-link elementor-size-sm\" href=\"https:\/\/jasminemurga.com\/?page_id=37\">\n\t\t\t\t\t\t<span class=\"elementor-button-content-wrapper\">\n\t\t\t\t\t\t\t\t\t<span class=\"elementor-button-text\">Servicios y Tarifas<\/span>\n\t\t\t\t\t<\/span>\n\t\t\t\t\t<\/a>\n\t\t\t\t<\/div>\n\t\t\t\t\t\t\t\t<\/div>\n\t\t\t\t<\/div>\n\t\t\t\t\t<\/div>\n\t\t<\/div>\n\t\t\t\t\t<\/div>\n\t\t<\/section>\n\t\t\t\t<section class=\"elementor-section elementor-top-section elementor-element elementor-element-16fa6d2 elementor-section-boxed elementor-section-height-default elementor-section-height-default\" data-id=\"16fa6d2\" data-element_type=\"section\" data-e-type=\"section\">\n\t\t\t\t\t\t<div class=\"elementor-container elementor-column-gap-default\">\n\t\t\t\t\t<div class=\"elementor-column elementor-col-100 elementor-top-column elementor-element elementor-element-c1c544b\" data-id=\"c1c544b\" data-element_type=\"column\" data-e-type=\"column\">\n\t\t\t<div class=\"elementor-widget-wrap elementor-element-populated\">\n\t\t\t\t\t\t<div class=\"elementor-element elementor-element-988e3d9 elementor-widget elementor-widget-heading\" data-id=\"988e3d9\" data-element_type=\"widget\" data-e-type=\"widget\" data-widget_type=\"heading.default\">\n\t\t\t\t<div class=\"elementor-widget-container\">\n\t\t\t\t\t<h2 class=\"elementor-heading-title elementor-size-default\"><br><br>Enfoqye y Estilo Terap\u00e9utico<\/h2>\t\t\t\t<\/div>\n\t\t\t\t<\/div>\n\t\t\t\t\t<\/div>\n\t\t<\/div>\n\t\t\t\t\t<\/div>\n\t\t<\/section>\n\t\t\t\t<section class=\"elementor-section elementor-top-section elementor-element elementor-element-bcb4b6f elementor-section-boxed elementor-section-height-default elementor-section-height-default\" data-id=\"bcb4b6f\" data-element_type=\"section\" data-e-type=\"section\">\n\t\t\t\t\t\t<div class=\"elementor-container elementor-column-gap-default\">\n\t\t\t\t\t<div class=\"elementor-column elementor-col-100 elementor-top-column elementor-element elementor-element-fd51268\" data-id=\"fd51268\" data-element_type=\"column\" data-e-type=\"column\">\n\t\t\t<div class=\"elementor-widget-wrap elementor-element-populated\">\n\t\t\t\t\t\t<div class=\"elementor-element elementor-element-a88fb64 elementor-widget elementor-widget-text-editor\" data-id=\"a88fb64\" data-element_type=\"widget\" data-e-type=\"widget\" data-widget_type=\"text-editor.default\">\n\t\t\t\t<div class=\"elementor-widget-container\">\n\t\t\t\t\t\t\t\t\t<p>Trabajo desde un enfoque<i><b> integrativo, relacional, y experiencial<\/b><\/i>, y una comprensi\u00f3n que est\u00e1 informada por las teor\u00edas actuales sobre el trauma. Mi filosof\u00eda de trabajo se apoya en los \u00faltimos estudios y descubrimientos en psicobiolog\u00eda y neurociencia. Entre las corrientes dentro del mundo de la psicolog\u00eda y la psicoterapia que m\u00e1s han influenciado mi forma de entender y abordar la terapia est\u00e1n:<\/p><ul><li><a href=\"https:\/\/psicologiaymente.com\/clinica\/terapia-centrada-en-emociones\" target=\"_blank\" rel=\"noopener\">La Terapia de Pareja Centrada o Focalizada en las Emociones<\/a><\/li><li><a href=\"https:\/\/www.aedp.eu\/?page_id=176&amp;lang=es\" target=\"_blank\" rel=\"noopener\">La Piscoterapia Din\u00e1mica Experiencial Acelerada<\/a><\/li><li><a href=\"https:\/\/lamenteesmaravillosa.com\/terapia-somatica-como-liberar-emociones-atrapadas-en-nuestro-cuerpo\/\" target=\"_blank\" rel=\"noopener\">La Psicolog\u00eda Som\u00e1tica <\/a>o Psico-Fisiol\u00f3gica, y las T\u00e9cnicas basadas en Mindfulness<\/li><li><a href=\"https:\/\/www.unir.net\/salud\/revista\/terapia-familiar-sistemica\/\" target=\"_blank\" rel=\"noopener\">La Terapia Sist\u00e9mica de Pareja y Familiar<\/a>, y <a href=\"https:\/\/solutionfocused.net\/que-es-la-terapia-centrada-en-soluciones\/\" target=\"_blank\" rel=\"noopener\">la Terapia Breve Centrada en Soluciones<\/a><\/li><li><a href=\"https:\/\/www.crianzaempatica.com\/post\/teor%C3%ADas-del-desarrollo-infantil\" target=\"_blank\" rel=\"noopener\">La Psicolog\u00eda del Desarrollo<\/a>, <a href=\"https:\/\/psicologiaymente.com\/clinica\/terapia-infantil\" target=\"_blank\" rel=\"noopener\">la Terapia Infantil<\/a>, y las Teor\u00edas sobre la Crianza Consciente<\/li><li><a href=\"https:\/\/lamenteesmaravillosa.com\/terapia-sistemas-familia-interna-ifs\/\" target=\"_blank\" rel=\"noopener\">El Modelo de los Sistemas de Familia Interna<\/a> o lo que se llama de forma m\u00e1s general como &#8220;Parts Work&#8221;<\/li><li><a href=\"https:\/\/lamenteesmaravillosa.com\/ignacio-martin-baro-y-la-psicologia-de-la-liberacion\/\" target=\"_blank\" rel=\"noopener\">La Psicolog\u00eda de la Liberaci\u00f3n<\/a><\/li><\/ul><p>Por un lado, la palabra<i><b> integrativo<\/b><\/i> describe la visi\u00f3n multidimensional que procuro mantener en todo momento de mis pacientes. Es decir, no me limito \u00fanicamente al aspecto cognitivo-conductual de nuestras experiencias humanas. Tambi\u00e9n tengo en cuenta el contexto familiar, cultural, y social de cada persona asi como los aspectos som\u00e1ticos, no verbales, e inconscientes involucrados.<i> <\/i>Y por otro lado, <i>integrativo<\/i> tambi\u00e9n refleja mi convicci\u00f3n de que la sanaci\u00f3n y el cambio se producen cuando se da cierta integraci\u00f3n entre cuerpo y mente y cierta armon\u00eda entre diferentes partes de nosotros que hasta entonces estaban en conlficto.<\/p><div>En cuanto al t\u00e9rmino<b><i> relacional<\/i>,<\/b> me refiero a que entiendo mi rol, no como el de una figura pasiva y desapegada al estilo freudiano, ni como el de una mera dispensadora mec\u00e1nica de consejos estandarizados, sino m\u00e1s bien como el de una facilitadora de nuevas posibilidades dentro de un proceso colaborativo que se ajusta al ritmo, necesidades, y fortalezas de cada persona. La palabra<i> relacional <\/i>subraya mi creencia de que como seres sociales que somos, nuestro bienestar emocional depende en gran medida de la calidad de relaciones que mantenemos con nuestro entorno. Todos los seres humanos compartimos un profundo deseo de ser vistos, conocidos, y reconocidos por otros. As\u00ed, percibo mi labor como el de ayudar a mis pacientes en co-crear una experiencia relacional y emocional que sea de alguna forma correctiva o terap\u00e9utica, ya sea con su pareja u otros miembros familiares, o en el rapport terap\u00e9utico que tienen conmigo. Por eso una de mis prioridades radica en crear un espacio seguro y sin prejuicios, en el que mis pacientes se sientan bienvenidxs y aceptadxs tal y como son.<\/div><p>A la vez, veo la terapia como una oportunidad para experimentar &#8220;en el aqu\u00ed y ahora&#8221; nuevas formas de estar en relaci\u00f3n (consigx mismx y con otrxs), que a veces requiere salirse un poco de su zona de comfort. Y a eso alude el t\u00e9rmino <b><i>experiencial<\/i><\/b>. Al \u00e9nfasis que pongo en la experiencia directa, y a lo que est\u00e1 ocurriendo en el momento presente, sobre todo cuando las palabras parecen quedarse cortas o empiezan a convertirse en en un di\u00e1logo socr\u00e1tico sin fin. Para algunxs puede ser algo inc\u00f3modo o inhabitual desviarse de la esfera puramente verbal o l\u00f3gico-racional pero las t\u00e9cnicas que activan la corteza prefrontral como son el Focusing y Mindfulness, o que ayudan en la regulaci\u00f3n del sistema nervioso, as\u00ed como los ejercicios que estimulan el hemisferio derecho, resultan muy efectivos y por eso los incorporo con frecuencia en terapia.<\/p><p>\u00a0<\/p>\t\t\t\t\t\t\t\t<\/div>\n\t\t\t\t<\/div>\n\t\t\t\t\t<\/div>\n\t\t<\/div>\n\t\t\t\t\t<\/div>\n\t\t<\/section>\n\t\t\t\t<\/div>\n\t\t","protected":false},"excerpt":{"rendered":"<p>Con Qui\u00e9n Trabajo Trabajo con adultos, ni\u00f1os, y adolescentes; en formato de terapia individual, de pareja, o de familia. Trato de ser una profesional de la salud culturalmente competente y afirmativa hacia la comunidad LGBTQIA+. Las personas con identidad de g\u00e9nero trans\/no binaria son m\u00e1s que bienvenidxs, al igual que las personas neurodivergentes o con <a class=\"read-more\" href=\"https:\/\/jasminemurga.com\/?page_id=38\">READ MORE<\/a><\/p>\n","protected":false},"author":1,"featured_media":0,"parent":0,"menu_order":0,"comment_status":"closed","ping_status":"closed","template":"","meta":{"footnotes":""},"class_list":["post-38","page","type-page","status-publish","hentry"],"_links":{"self":[{"href":"https:\/\/jasminemurga.com\/index.php?rest_route=\/wp\/v2\/pages\/38","targetHints":{"allow":["GET"]}}],"collection":[{"href":"https:\/\/jasminemurga.com\/index.php?rest_route=\/wp\/v2\/pages"}],"about":[{"href":"https:\/\/jasminemurga.com\/index.php?rest_route=\/wp\/v2\/types\/page"}],"author":[{"embeddable":true,"href":"https:\/\/jasminemurga.com\/index.php?rest_route=\/wp\/v2\/users\/1"}],"replies":[{"embeddable":true,"href":"https:\/\/jasminemurga.com\/index.php?rest_route=%2Fwp%2Fv2%2Fcomments&post=38"}],"version-history":[{"count":1059,"href":"https:\/\/jasminemurga.com\/index.php?rest_route=\/wp\/v2\/pages\/38\/revisions"}],"predecessor-version":[{"id":3721,"href":"https:\/\/jasminemurga.com\/index.php?rest_route=\/wp\/v2\/pages\/38\/revisions\/3721"}],"wp:attachment":[{"href":"https:\/\/jasminemurga.com\/index.php?rest_route=%2Fwp%2Fv2%2Fmedia&parent=38"}],"curies":[{"name":"wp","href":"https:\/\/api.w.org\/{rel}","templated":true}]}}