{"id":39,"date":"2022-08-05T21:24:48","date_gmt":"2022-08-05T21:24:48","guid":{"rendered":"https:\/\/jasminemurga.com\/?page_id=39"},"modified":"2025-01-09T08:51:19","modified_gmt":"2025-01-09T08:51:19","slug":"pide-cita","status":"publish","type":"page","link":"https:\/\/jasminemurga.com\/?page_id=39","title":{"rendered":"Pide Cita"},"content":{"rendered":"\t\t<div data-elementor-type=\"wp-page\" data-elementor-id=\"39\" class=\"elementor elementor-39\">\n\t\t\t\t\t\t<section class=\"elementor-section elementor-top-section elementor-element elementor-element-80b9354 elementor-section-boxed elementor-section-height-default elementor-section-height-default\" data-id=\"80b9354\" data-element_type=\"section\" data-e-type=\"section\">\n\t\t\t\t\t\t<div class=\"elementor-container elementor-column-gap-default\">\n\t\t\t\t\t<div class=\"elementor-column elementor-col-100 elementor-top-column elementor-element elementor-element-1d2bea7\" data-id=\"1d2bea7\" data-element_type=\"column\" data-e-type=\"column\">\n\t\t\t<div class=\"elementor-widget-wrap elementor-element-populated\">\n\t\t\t\t\t\t<div class=\"elementor-element elementor-element-f7837b0 elementor-widget elementor-widget-text-editor\" data-id=\"f7837b0\" data-element_type=\"widget\" data-e-type=\"widget\" data-widget_type=\"text-editor.default\">\n\t\t\t\t<div class=\"elementor-widget-container\">\n\t\t\t\t\t\t\t\t\t<p>***NO ESTOY ACEPTANDO NUEVOS PACIENTES AHORA MISMO***<\/p>\t\t\t\t\t\t\t\t<\/div>\n\t\t\t\t<\/div>\n\t\t\t\t\t<\/div>\n\t\t<\/div>\n\t\t\t\t\t<\/div>\n\t\t<\/section>\n\t\t\t\t<section class=\"elementor-section elementor-top-section elementor-element elementor-element-93d47b3 elementor-section-boxed elementor-section-height-default elementor-section-height-default\" data-id=\"93d47b3\" data-element_type=\"section\" data-e-type=\"section\">\n\t\t\t\t\t\t<div class=\"elementor-container elementor-column-gap-default\">\n\t\t\t\t\t<div class=\"elementor-column elementor-col-100 elementor-top-column elementor-element elementor-element-f2dfb6d\" data-id=\"f2dfb6d\" data-element_type=\"column\" data-e-type=\"column\">\n\t\t\t<div class=\"elementor-widget-wrap elementor-element-populated\">\n\t\t\t\t\t\t<div class=\"elementor-element elementor-element-46391c2 elementor-widget elementor-widget-text-editor\" data-id=\"46391c2\" data-element_type=\"widget\" data-e-type=\"widget\" data-widget_type=\"text-editor.default\">\n\t\t\t\t<div class=\"elementor-widget-container\">\n\t\t\t\t\t\t\t\t\t<p>Para pedir cita, por favor ponte en contacto conmigo, ya sea por WhatsApp, por E-mail, dejando un mensaje de voz en el contestador, o rellenando el formulario en la secci\u00f3n contacto. El pago de las sesiones se realiza por adelantado (en el momento de concretar la cita) y a trav\u00e9s de un enlace a la plataforma de pago online llamada Stripe. Si por cualquier motivo necesitas cancelar, se ruega por favor avisar con m\u00e1s de 24 horas de antelaci\u00f3n para que la sesi\u00f3n pueda ser reembolsada o reprogramada.<\/p>\t\t\t\t\t\t\t\t<\/div>\n\t\t\t\t<\/div>\n\t\t\t\t\t<\/div>\n\t\t<\/div>\n\t\t\t\t\t<\/div>\n\t\t<\/section>\n\t\t\t\t<\/div>\n\t\t","protected":false},"excerpt":{"rendered":"<p>***NO ESTOY ACEPTANDO NUEVOS PACIENTES AHORA MISMO*** Para pedir cita, por favor ponte en contacto conmigo, ya sea por WhatsApp, por E-mail, dejando un mensaje de voz en el contestador, o rellenando el formulario en la secci\u00f3n contacto. El pago de las sesiones se realiza por adelantado (en el momento de concretar la cita) y <a class=\"read-more\" href=\"https:\/\/jasminemurga.com\/?page_id=39\">READ MORE<\/a><\/p>\n","protected":false},"author":1,"featured_media":0,"parent":0,"menu_order":0,"comment_status":"closed","ping_status":"closed","template":"","meta":{"footnotes":""},"class_list":["post-39","page","type-page","status-publish","hentry"],"_links":{"self":[{"href":"https:\/\/jasminemurga.com\/index.php?rest_route=\/wp\/v2\/pages\/39","targetHints":{"allow":["GET"]}}],"collection":[{"href":"https:\/\/jasminemurga.com\/index.php?rest_route=\/wp\/v2\/pages"}],"about":[{"href":"https:\/\/jasminemurga.com\/index.php?rest_route=\/wp\/v2\/types\/page"}],"author":[{"embeddable":true,"href":"https:\/\/jasminemurga.com\/index.php?rest_route=\/wp\/v2\/users\/1"}],"replies":[{"embeddable":true,"href":"https:\/\/jasminemurga.com\/index.php?rest_route=%2Fwp%2Fv2%2Fcomments&post=39"}],"version-history":[{"count":125,"href":"https:\/\/jasminemurga.com\/index.php?rest_route=\/wp\/v2\/pages\/39\/revisions"}],"predecessor-version":[{"id":3792,"href":"https:\/\/jasminemurga.com\/index.php?rest_route=\/wp\/v2\/pages\/39\/revisions\/3792"}],"wp:attachment":[{"href":"https:\/\/jasminemurga.com\/index.php?rest_route=%2Fwp%2Fv2%2Fmedia&parent=39"}],"curies":[{"name":"wp","href":"https:\/\/api.w.org\/{rel}","templated":true}]}}